{"id":624,"date":"2020-02-07T01:36:33","date_gmt":"2020-02-07T01:36:33","guid":{"rendered":"https:\/\/demo2wpopal.b-cdn.net\/ekommart\/?page_id=624"},"modified":"2022-11-22T05:38:41","modified_gmt":"2022-11-22T05:38:41","slug":"somos","status":"publish","type":"page","link":"https:\/\/comercializadoraelectrica-aaa.com\/index.php\/somos\/","title":{"rendered":"Quienes somos"},"content":{"rendered":"\t\t<div data-elementor-type=\"wp-page\" data-elementor-id=\"624\" class=\"elementor elementor-624\">\n\t\t\t\t\t\t\t\t\t<section class=\"elementor-section elementor-top-section elementor-element elementor-element-51d8e10 elementor-section-stretched elementor-section-boxed elementor-section-height-default elementor-section-height-default\" data-id=\"51d8e10\" data-element_type=\"section\" data-settings=\"{&quot;background_background&quot;:&quot;classic&quot;,&quot;stretch_section&quot;:&quot;section-stretched&quot;}\">\n\t\t\t\t\t\t<div class=\"elementor-container elementor-column-gap-no\">\n\t\t\t\t\t<div class=\"elementor-column elementor-col-50 elementor-top-column elementor-element elementor-element-2c453b5\" data-id=\"2c453b5\" data-element_type=\"column\">\n\t\t\t<div class=\"elementor-widget-wrap elementor-element-populated\">\n\t\t\t\t\t\t\t\t<div class=\"elementor-element elementor-element-38c9855 animated-slow e-transform elementor-invisible elementor-widget elementor-widget-image\" data-id=\"38c9855\" data-element_type=\"widget\" data-settings=\"{&quot;_animation&quot;:&quot;fadeInRight&quot;,&quot;_animation_mobile&quot;:&quot;bounceInDown&quot;,&quot;_transform_scale_effect&quot;:{&quot;unit&quot;:&quot;px&quot;,&quot;size&quot;:1,&quot;sizes&quot;:[]},&quot;_transform_scale_effect_tablet&quot;:{&quot;unit&quot;:&quot;px&quot;,&quot;size&quot;:&quot;&quot;,&quot;sizes&quot;:[]},&quot;_transform_scale_effect_mobile&quot;:{&quot;unit&quot;:&quot;px&quot;,&quot;size&quot;:&quot;&quot;,&quot;sizes&quot;:[]}}\" data-widget_type=\"image.default\">\n\t\t\t\t<div class=\"elementor-widget-container\">\n\t\t\t<style>\/*! elementor - v3.7.1 - 14-08-2022 *\/\n.elementor-widget-image{text-align:center}.elementor-widget-image a{display:inline-block}.elementor-widget-image a img[src$=\".svg\"]{width:48px}.elementor-widget-image img{vertical-align:middle;display:inline-block}<\/style>\t\t\t\t\t\t\t\t\t\t\t\t<img width=\"1024\" height=\"683\" src=\"https:\/\/comercializadoraelectrica-aaa.com\/wp-content\/uploads\/2022\/09\/QUIENES-SOMOS.jpg\" class=\"attachment-full size-full\" alt=\"\" loading=\"lazy\" srcset=\"https:\/\/comercializadoraelectrica-aaa.com\/wp-content\/uploads\/2022\/09\/QUIENES-SOMOS.jpg 1024w, https:\/\/comercializadoraelectrica-aaa.com\/wp-content\/uploads\/2022\/09\/QUIENES-SOMOS-300x200.jpg 300w, https:\/\/comercializadoraelectrica-aaa.com\/wp-content\/uploads\/2022\/09\/QUIENES-SOMOS-768x512.jpg 768w, https:\/\/comercializadoraelectrica-aaa.com\/wp-content\/uploads\/2022\/09\/QUIENES-SOMOS-600x400.jpg 600w, https:\/\/comercializadoraelectrica-aaa.com\/wp-content\/uploads\/2022\/09\/QUIENES-SOMOS-64x43.jpg 64w\" sizes=\"(max-width: 1024px) 100vw, 1024px\" \/>\t\t\t\t\t\t\t\t\t\t\t\t\t\t\t<\/div>\n\t\t\t\t<\/div>\n\t\t\t\t\t<\/div>\n\t\t<\/div>\n\t\t\t\t<div class=\"elementor-column elementor-col-50 elementor-top-column elementor-element elementor-element-bbf00b8\" data-id=\"bbf00b8\" data-element_type=\"column\">\n\t\t\t<div class=\"elementor-widget-wrap elementor-element-populated\">\n\t\t\t\t\t\t\t\t<div class=\"elementor-element elementor-element-98bb993 animated-slow elementor-invisible elementor-widget elementor-widget-text-editor\" data-id=\"98bb993\" data-element_type=\"widget\" data-settings=\"{&quot;_animation&quot;:&quot;fadeInRight&quot;}\" data-widget_type=\"text-editor.default\">\n\t\t\t\t<div class=\"elementor-widget-container\">\n\t\t\t<style>\/*! elementor - v3.7.1 - 14-08-2022 *\/\n.elementor-widget-text-editor.elementor-drop-cap-view-stacked .elementor-drop-cap{background-color:#818a91;color:#fff}.elementor-widget-text-editor.elementor-drop-cap-view-framed .elementor-drop-cap{color:#818a91;border:3px solid;background-color:transparent}.elementor-widget-text-editor:not(.elementor-drop-cap-view-default) .elementor-drop-cap{margin-top:8px}.elementor-widget-text-editor:not(.elementor-drop-cap-view-default) .elementor-drop-cap-letter{width:1em;height:1em}.elementor-widget-text-editor .elementor-drop-cap{float:left;text-align:center;line-height:1;font-size:50px}.elementor-widget-text-editor .elementor-drop-cap-letter{display:inline-block}<\/style>\t\t\t\t<p style=\"text-align: JUSTIFY;\"><span style=\"font-weight: 400;\"><strong>Comercializadora Electrica AAA SAS<\/strong> es una compa\u00f1\u00eda fundada en el a\u00f1o 2014 dedicada a la comercializaci\u00f3n y distribuci\u00f3n de materiales el\u00e9ctricos de alta,media y baja tensi\u00f3n.<\/span><\/p><p style=\"text-align: JUSTIFY;\"><span style=\"font-weight: 400;\">Contamos con personal calificado y el respaldo de las mejores marcas que nos permiten llevar a cabo dia a dia,el cumpliminto de nuestra misi\u00f3n y as\u00ed lograr nuestro prop\u00f3sito como el aliado estrat\u00e9gico que brinda soluciones a las necesidades y expectativas de todos nuestros clientes.<\/span><\/p>\t\t\t\t\t\t<\/div>\n\t\t\t\t<\/div>\n\t\t\t\t\t<\/div>\n\t\t<\/div>\n\t\t\t\t\t\t\t<\/div>\n\t\t<\/section>\n\t\t\t\t<section class=\"elementor-section elementor-top-section elementor-element elementor-element-a467428 elementor-section-stretched elementor-section-boxed elementor-section-height-default elementor-section-height-default\" data-id=\"a467428\" data-element_type=\"section\" data-settings=\"{&quot;stretch_section&quot;:&quot;section-stretched&quot;,&quot;background_background&quot;:&quot;classic&quot;}\">\n\t\t\t\t\t\t<div class=\"elementor-container elementor-column-gap-no\">\n\t\t\t\t\t<div class=\"elementor-column elementor-col-100 elementor-top-column elementor-element elementor-element-4255dab\" data-id=\"4255dab\" data-element_type=\"column\">\n\t\t\t<div class=\"elementor-widget-wrap elementor-element-populated\">\n\t\t\t\t\t\t\t\t<section class=\"elementor-section elementor-inner-section elementor-element elementor-element-2c0aa60 elementor-section-boxed elementor-section-height-default elementor-section-height-default elementor-invisible\" data-id=\"2c0aa60\" data-element_type=\"section\" data-settings=\"{&quot;animation&quot;:&quot;slideInLeft&quot;}\">\n\t\t\t\t\t\t<div class=\"elementor-container elementor-column-gap-no\">\n\t\t\t\t\t<div class=\"elementor-column elementor-col-50 elementor-inner-column elementor-element elementor-element-25d34ec\" data-id=\"25d34ec\" data-element_type=\"column\" data-settings=\"{&quot;background_background&quot;:&quot;classic&quot;}\">\n\t\t\t<div class=\"elementor-widget-wrap elementor-element-populated\">\n\t\t\t\t\t\t\t\t<div class=\"elementor-element elementor-element-c46322c animated-fast elementor-invisible elementor-widget elementor-widget-image\" data-id=\"c46322c\" data-element_type=\"widget\" data-settings=\"{&quot;_animation&quot;:&quot;fadeInLeft&quot;,&quot;_animation_mobile&quot;:&quot;fadeInLeft&quot;}\" data-widget_type=\"image.default\">\n\t\t\t\t<div class=\"elementor-widget-container\">\n\t\t\t\t\t\t\t\t\t\t\t\t\t\t\t<img width=\"580\" height=\"393\" src=\"https:\/\/comercializadoraelectrica-aaa.com\/wp-content\/uploads\/2022\/09\/MISION.jpg\" class=\"attachment-full size-full\" alt=\"\" loading=\"lazy\" srcset=\"https:\/\/comercializadoraelectrica-aaa.com\/wp-content\/uploads\/2022\/09\/MISION.jpg 580w, https:\/\/comercializadoraelectrica-aaa.com\/wp-content\/uploads\/2022\/09\/MISION-300x203.jpg 300w, https:\/\/comercializadoraelectrica-aaa.com\/wp-content\/uploads\/2022\/09\/MISION-64x43.jpg 64w\" sizes=\"(max-width: 580px) 100vw, 580px\" \/>\t\t\t\t\t\t\t\t\t\t\t\t\t\t\t<\/div>\n\t\t\t\t<\/div>\n\t\t\t\t<div class=\"elementor-element elementor-element-3864b42 elementor-widget elementor-widget-heading\" data-id=\"3864b42\" data-element_type=\"widget\" data-widget_type=\"heading.default\">\n\t\t\t\t<div class=\"elementor-widget-container\">\n\t\t\t<style>\/*! elementor - v3.7.1 - 14-08-2022 *\/\n.elementor-heading-title{padding:0;margin:0;line-height:1}.elementor-widget-heading .elementor-heading-title[class*=elementor-size-]>a{color:inherit;font-size:inherit;line-height:inherit}.elementor-widget-heading .elementor-heading-title.elementor-size-small{font-size:15px}.elementor-widget-heading .elementor-heading-title.elementor-size-medium{font-size:19px}.elementor-widget-heading .elementor-heading-title.elementor-size-large{font-size:29px}.elementor-widget-heading .elementor-heading-title.elementor-size-xl{font-size:39px}.elementor-widget-heading .elementor-heading-title.elementor-size-xxl{font-size:59px}<\/style><h2 class=\"elementor-heading-title elementor-size-default\">Visi\u00f3n <\/h2>\t\t<\/div>\n\t\t\t\t<\/div>\n\t\t\t\t<div class=\"elementor-element elementor-element-7cd34c4 elementor-widget elementor-widget-text-editor\" data-id=\"7cd34c4\" data-element_type=\"widget\" data-widget_type=\"text-editor.default\">\n\t\t\t\t<div class=\"elementor-widget-container\">\n\t\t\t\t\t\t\t<p style=\"text-align: JUSTIFY ;\"><span style=\"font-weight: 400;\">Para el a\u00f1o 2026, la Comercializadora El\u00e9ctrica AAA SAS ser\u00e1 reconocida como una de las empresas l\u00edderes en la distribuci\u00f3n\u00a0 de materias de el\u00e9ctrica destacado por su calidad y pronta respuesta a los requerimientos de nuestros clientes siendo as\u00ed, m\u00e1s que un proveedor, un aliado estrat\u00e9gico.<\/span><\/p>\t\t\t\t\t\t<\/div>\n\t\t\t\t<\/div>\n\t\t\t\t\t<\/div>\n\t\t<\/div>\n\t\t\t\t<div class=\"elementor-column elementor-col-50 elementor-inner-column elementor-element elementor-element-a2b88f4\" data-id=\"a2b88f4\" data-element_type=\"column\" data-settings=\"{&quot;background_background&quot;:&quot;classic&quot;}\">\n\t\t\t<div class=\"elementor-widget-wrap elementor-element-populated\">\n\t\t\t\t\t\t\t\t<div class=\"elementor-element elementor-element-3f3c119 animated-fast elementor-invisible elementor-widget elementor-widget-image\" data-id=\"3f3c119\" data-element_type=\"widget\" data-settings=\"{&quot;_animation&quot;:&quot;fadeInRight&quot;,&quot;_animation_mobile&quot;:&quot;fadeInRight&quot;}\" data-widget_type=\"image.default\">\n\t\t\t\t<div class=\"elementor-widget-container\">\n\t\t\t\t\t\t\t\t\t\t\t\t\t\t\t<img width=\"1024\" height=\"696\" src=\"https:\/\/comercializadoraelectrica-aaa.com\/wp-content\/uploads\/2022\/09\/VISION-e1669095244633.png\" class=\"attachment-full size-full\" alt=\"\" loading=\"lazy\" srcset=\"https:\/\/comercializadoraelectrica-aaa.com\/wp-content\/uploads\/2022\/09\/VISION-e1669095244633.png 1024w, https:\/\/comercializadoraelectrica-aaa.com\/wp-content\/uploads\/2022\/09\/VISION-e1669095244633-300x204.png 300w, https:\/\/comercializadoraelectrica-aaa.com\/wp-content\/uploads\/2022\/09\/VISION-e1669095244633-768x522.png 768w, https:\/\/comercializadoraelectrica-aaa.com\/wp-content\/uploads\/2022\/09\/VISION-e1669095244633-600x408.png 600w, https:\/\/comercializadoraelectrica-aaa.com\/wp-content\/uploads\/2022\/09\/VISION-e1669095244633-64x44.png 64w\" sizes=\"(max-width: 1024px) 100vw, 1024px\" \/>\t\t\t\t\t\t\t\t\t\t\t\t\t\t\t<\/div>\n\t\t\t\t<\/div>\n\t\t\t\t<div class=\"elementor-element elementor-element-aa4539c elementor-widget elementor-widget-heading\" data-id=\"aa4539c\" data-element_type=\"widget\" data-widget_type=\"heading.default\">\n\t\t\t\t<div class=\"elementor-widget-container\">\n\t\t\t<h2 class=\"elementor-heading-title elementor-size-default\">Misi\u00f3n <\/h2>\t\t<\/div>\n\t\t\t\t<\/div>\n\t\t\t\t<div class=\"elementor-element elementor-element-45a8e80 elementor-widget elementor-widget-text-editor\" data-id=\"45a8e80\" data-element_type=\"widget\" data-widget_type=\"text-editor.default\">\n\t\t\t\t<div class=\"elementor-widget-container\">\n\t\t\t\t\t\t\t<p style=\"text-align: JUSTIFY ;\"><span style=\"font-weight: 400;\">Ser una empresa dedicada a la venta y distribuci\u00f3n de material el\u00e9ctrico, contando con personal para brindar asesor\u00eda servicios y soluciones integrales en el desarrollo de diferentes proyectos t\u00e9cnicos esforz\u00e1ndonos siempre en la satisfacci\u00f3n <\/span><span style=\"font-weight: 400;\">de las necesidades de nuestros clientes.<\/span><\/p>\t\t\t\t\t\t<\/div>\n\t\t\t\t<\/div>\n\t\t\t\t\t<\/div>\n\t\t<\/div>\n\t\t\t\t\t\t\t<\/div>\n\t\t<\/section>\n\t\t\t\t\t<\/div>\n\t\t<\/div>\n\t\t\t\t\t\t\t<\/div>\n\t\t<\/section>\n\t\t\t\t\t\t\t<\/div>\n\t\t","protected":false},"excerpt":{"rendered":"<p>Comercializadora Electrica AAA SAS es una compa\u00f1\u00eda fundada en el a\u00f1o 2014 dedicada a la comercializaci\u00f3n y distribuci\u00f3n de materiales el\u00e9ctricos de alta,media y baja tensi\u00f3n. Contamos con personal calificado y el respaldo de las mejores marcas que nos permiten llevar a cabo dia a dia,el cumpliminto de nuestra misi\u00f3n y as\u00ed lograr nuestro prop\u00f3sito [&hellip;]<\/p>\n","protected":false},"author":1,"featured_media":0,"parent":0,"menu_order":0,"comment_status":"closed","ping_status":"closed","template":"","meta":{"_joinchat":[]},"_links":{"self":[{"href":"https:\/\/comercializadoraelectrica-aaa.com\/index.php\/wp-json\/wp\/v2\/pages\/624"}],"collection":[{"href":"https:\/\/comercializadoraelectrica-aaa.com\/index.php\/wp-json\/wp\/v2\/pages"}],"about":[{"href":"https:\/\/comercializadoraelectrica-aaa.com\/index.php\/wp-json\/wp\/v2\/types\/page"}],"author":[{"embeddable":true,"href":"https:\/\/comercializadoraelectrica-aaa.com\/index.php\/wp-json\/wp\/v2\/users\/1"}],"replies":[{"embeddable":true,"href":"https:\/\/comercializadoraelectrica-aaa.com\/index.php\/wp-json\/wp\/v2\/comments?post=624"}],"version-history":[{"count":45,"href":"https:\/\/comercializadoraelectrica-aaa.com\/index.php\/wp-json\/wp\/v2\/pages\/624\/revisions"}],"predecessor-version":[{"id":8882,"href":"https:\/\/comercializadoraelectrica-aaa.com\/index.php\/wp-json\/wp\/v2\/pages\/624\/revisions\/8882"}],"wp:attachment":[{"href":"https:\/\/comercializadoraelectrica-aaa.com\/index.php\/wp-json\/wp\/v2\/media?parent=624"}],"curies":[{"name":"wp","href":"https:\/\/api.w.org\/{rel}","templated":true}]}}